{"id":5,"date":"2019-01-25T18:12:27","date_gmt":"2019-01-25T18:12:27","guid":{"rendered":"https:\/\/xn--haartrim-s4a.ch\/?page_id=5"},"modified":"2019-09-10T20:22:56","modified_gmt":"2019-09-10T18:22:56","slug":"ueber-mich","status":"publish","type":"page","link":"https:\/\/xn--haartrim-s4a.ch\/?page_id=5","title":{"rendered":"\u00dcber uns"},"content":{"rendered":"\n<h3 class=\"wp-block-heading\">Melanie Michlig<\/h3>\n\n\n\n<p><em>Mein Traum ist es mit meinem Handwerk jedem meiner Kunden ein Lachen ins Gesicht zu zaubern<\/em><\/p>\n\n\n\n<div class=\"wp-block-columns is-layout-flex wp-container-core-columns-is-layout-9d6595d7 wp-block-columns-is-layout-flex\">\n<div class=\"wp-block-column is-layout-flow wp-block-column-is-layout-flow\">\n<ul class=\"wp-block-list\"><li>Gesch\u00e4ftsinhaberin<\/li><li>eidg. dipl. Damen- und Herrencoiffeuse<\/li><li>Als Expertin f\u00fcr den CoiffeurSuisse t\u00e4tig<\/li><li>Ausbildnerin <\/li><li>Calligraphistin <\/li><li>Visagistin<\/li><li>Naildesignerin<\/li><\/ul>\n<\/div>\n\n\n\n<div class=\"wp-block-column is-layout-flow wp-block-column-is-layout-flow\">\n<figure class=\"wp-block-image size-large is-resized\"><img loading=\"lazy\" decoding=\"async\" src=\"https:\/\/xn--haartrim-s4a.ch\/wp-content\/uploads\/2019\/09\/Melanie_1_s-819x1024.jpg\" alt=\"\" class=\"wp-image-193\" width=\"205\" height=\"256\" srcset=\"https:\/\/xn--haartrim-s4a.ch\/wp-content\/uploads\/2019\/09\/Melanie_1_s-819x1024.jpg 819w, https:\/\/xn--haartrim-s4a.ch\/wp-content\/uploads\/2019\/09\/Melanie_1_s-240x300.jpg 240w, https:\/\/xn--haartrim-s4a.ch\/wp-content\/uploads\/2019\/09\/Melanie_1_s-768x960.jpg 768w, https:\/\/xn--haartrim-s4a.ch\/wp-content\/uploads\/2019\/09\/Melanie_1_s.jpg 1740w\" sizes=\"auto, (max-width: 205px) 100vw, 205px\" \/><\/figure>\n<\/div>\n<\/div>\n\n\n\n<h3 class=\"wp-block-heading\">Johanna Palme<\/h3>\n\n\n\n<p><em>Haare sind so wichtig, da man Menschen damit ein sch\u00f6neres Aussehen verleihen kann. Auch den Kontakt zu den Kunden sch\u00e4tze ich sehr, wenn sie zufrieden sind und wieder kommen.<\/em><\/p>\n\n\n\n<div class=\"wp-block-columns is-layout-flex wp-container-core-columns-is-layout-9d6595d7 wp-block-columns-is-layout-flex\">\n<div class=\"wp-block-column is-layout-flow wp-block-column-is-layout-flow\">\n<figure class=\"wp-block-image size-large is-resized\"><img loading=\"lazy\" decoding=\"async\" src=\"https:\/\/xn--haartrim-s4a.ch\/wp-content\/uploads\/2019\/09\/Johanna-644x1024.jpg\" alt=\"\" class=\"wp-image-190\" width=\"161\" height=\"256\" srcset=\"https:\/\/xn--haartrim-s4a.ch\/wp-content\/uploads\/2019\/09\/Johanna-644x1024.jpg 644w, https:\/\/xn--haartrim-s4a.ch\/wp-content\/uploads\/2019\/09\/Johanna-189x300.jpg 189w, https:\/\/xn--haartrim-s4a.ch\/wp-content\/uploads\/2019\/09\/Johanna-768x1221.jpg 768w, https:\/\/xn--haartrim-s4a.ch\/wp-content\/uploads\/2019\/09\/Johanna.jpg 801w\" sizes=\"auto, (max-width: 161px) 100vw, 161px\" \/><\/figure>\n<\/div>\n\n\n\n<div class=\"wp-block-column is-layout-flow wp-block-column-is-layout-flow\">\n<ul class=\"wp-block-list\"><li>Mitarbeiterin seit 2019<\/li><li>Damen- und Herrencoiffeuse EFZ seit  2009<\/li><li>Arbeitszeit<ul><li>Freitag Abend<\/li><li>Samstag<\/li><\/ul><\/li><\/ul>\n<\/div>\n<\/div>\n\n\n\n<p><\/p>\n","protected":false},"excerpt":{"rendered":"<p>Melanie Michlig Mein Traum ist es mit meinem Handwerk jedem meiner Kunden ein Lachen ins Gesicht zu zaubern Gesch\u00e4ftsinhaberin eidg. dipl. Damen- und Herrencoiffeuse Als Expertin f\u00fcr den CoiffeurSuisse t\u00e4tig Ausbildnerin Calligraphistin Visagistin Naildesignerin Johanna Palme Haare sind so wichtig, da man Menschen damit ein sch\u00f6neres Aussehen verleihen kann. Auch den Kontakt zu den Kunden sch\u00e4tze ich sehr, wenn sie zufrieden sind und wieder kommen. Mitarbeiterin seit 2019 Damen- und Herrencoiffeuse EFZ seit 2009 Arbeitszeit Freitag Abend Samstag<\/p>\n","protected":false},"author":1,"featured_media":0,"parent":0,"menu_order":0,"comment_status":"closed","ping_status":"closed","template":"templates\/full-width-page.php","meta":{"footnotes":""},"class_list":["post-5","page","type-page","status-publish","hentry"],"_links":{"self":[{"href":"https:\/\/xn--haartrim-s4a.ch\/index.php?rest_route=\/wp\/v2\/pages\/5","targetHints":{"allow":["GET"]}}],"collection":[{"href":"https:\/\/xn--haartrim-s4a.ch\/index.php?rest_route=\/wp\/v2\/pages"}],"about":[{"href":"https:\/\/xn--haartrim-s4a.ch\/index.php?rest_route=\/wp\/v2\/types\/page"}],"author":[{"embeddable":true,"href":"https:\/\/xn--haartrim-s4a.ch\/index.php?rest_route=\/wp\/v2\/users\/1"}],"replies":[{"embeddable":true,"href":"https:\/\/xn--haartrim-s4a.ch\/index.php?rest_route=%2Fwp%2Fv2%2Fcomments&post=5"}],"version-history":[{"count":11,"href":"https:\/\/xn--haartrim-s4a.ch\/index.php?rest_route=\/wp\/v2\/pages\/5\/revisions"}],"predecessor-version":[{"id":296,"href":"https:\/\/xn--haartrim-s4a.ch\/index.php?rest_route=\/wp\/v2\/pages\/5\/revisions\/296"}],"wp:attachment":[{"href":"https:\/\/xn--haartrim-s4a.ch\/index.php?rest_route=%2Fwp%2Fv2%2Fmedia&parent=5"}],"curies":[{"name":"wp","href":"https:\/\/api.w.org\/{rel}","templated":true}]}}